{"id":18021,"date":"2024-02-28T12:15:29","date_gmt":"2024-02-28T11:15:29","guid":{"rendered":"https:\/\/victorh10.apconsult.at\/~user211\/?page_id=18021"},"modified":"2025-12-03T09:58:55","modified_gmt":"2025-12-03T08:58:55","slug":"ueber-uns-2","status":"publish","type":"page","link":"https:\/\/agora.co.at\/index.php\/ueber-uns-2\/","title":{"rendered":"\u00dcber uns"},"content":{"rendered":"\n<p><strong>Inhaber:<\/strong>&nbsp;Reinhard G. Dollinger<\/p>\n\n\n\n<p>Reinhard G. Dollinger war seit Herbst 1991 im Wiener Dorotheum als Experte f\u00fcr Antike Kunst besch\u00e4ftigt. In den ersten Jahren, Mitarbeiter in der Numismatischen Abteilung des Auktionshauses. 1993 Wechsel in die Kunst- und Antiquit\u00e4tenabteilung, Aufbau der Sparte \u201eAntike Kunst\u201c f\u00fcr den internationalen Markt, wobei die Auktionen weltweit in renommierten Fachjournalen angek\u00fcndigt wurden und ein breit gef\u00e4chertes Publikum nach Wien lockten. Seit 1994 zweimal j\u00e4hrlich eigene Kataloge.<\/p>\n\n\n\n<p>Neben der T\u00e4tigkeit im Dorotheum: Firmengr\u00fcndung im Jahre 1992. In der Folge vier illustrierte Lagerlisten \u2013 vorwiegend mit antiken M\u00fcnzen und entsprechender Fachliteratur.<\/p>\n\n\n\n<p>Ab 1995 eigenes B\u00fcro in der Wiener Innenstadt. Zahlreiche Fachartikel in verschiedenen Zeitschriften und Sammlerjournalen.<\/p>\n\n\n\n<p>Im M\u00e4rz 2002, Er\u00f6ffnung der Galerie, direkt gegen\u00fcber dem Geburtshaus von Franz Schubert und ein paar Minuten entfernt von der Universit\u00e4t.<\/p>\n\n\n\n<p>Regelm\u00e4\u00dfig stattfindende Ausstellungen.<\/p>\n\n\n\n<p>Neues Ladengesch\u00e4ft, seit Oktober 2004 im Stadtzentrum, nahe des Stephansdoms.<\/p>\n\n\n\n<p>Seit 1992 Teilnahme an zahlreichen M\u00fcnzen- und Antiquit\u00e4tenmessen im In- und Ausland als Aussteller, u.a. Numismata\/M\u00fcnchen, Numismatische Messe Riccione, M\u00fcnzb\u00f6rse Salzburg, Donau-Adria-M\u00fcnzenmesse\/Wien u. Triest, Antiquit\u00e4tenmesse im Palais Auersperg\/Wien, M\u00fcnzenb\u00f6rse Moneta Vindobona\/Wien \u2026<\/p>\n\n\n\n<p>Leihgabe von antiken St\u00fccken f\u00fcr diverse Museumsausstellungen (Severin zwischen R\u00f6merzeit und V\u00f6lkerwanderung\/Stadtmuseum Enns-Lauriacum 1982, Gu\u00df u. Form\/Kunsthistorisches Museum Wien 1986).<\/p>\n\n\n\n<p><strong>Spezialisierung auf:<\/strong><br>Kunst der Antike (Schmuck und Gebrauchsgegenst\u00e4nde von der Urgeschichte \u00fcber die klassische Antike bis zum fr\u00fchen Mittelalter)<br>Antike M\u00fcnzen (Griechen, Kelten, R\u00f6mer, Byzantiner)<\/p>\n\n\n\n<p>AGORA<br>Kunst der Antike<br>Drahtgasse 2<br>Fu\u00dfg\u00e4ngerzone Judenplatz<br>A-1010 Wien<\/p>\n\n\n\n<p><strong>\u00d6ffnungszeiten:<\/strong><br>nach Vereinbarung<\/p>\n\n\n\n<p>Tel.\/Fax: +43-1-943 05 85<br>Mob.-Tel. +43-6991 943 05 85<br>innerhalb \u00d6: 06991 943 05 85<\/p>\n\n\n\n<p>E-Mail: office@agora.co.at<\/p>\n\n\n\n<p>Homepage:&nbsp;<a href=\"http:\/\/www.agora.co.at\/\">www.agora.co.at<\/a><\/p>\n\n\n\n<p>Agora\u2019s e-Bay-Shop:\u00a0<a href=\"https:\/\/stores.ebay.de\/Kunst-der-Antike\">https:\/\/stores.ebay.de\/Kunst-der-Antike<\/a><\/p>\n","protected":false},"excerpt":{"rendered":"<p>Inhaber:&nbsp;Reinhard G. Dollinger Reinhard G. Dollinger war seit Herbst 1991 im Wiener Dorotheum als Experte f\u00fcr Antike Kunst besch\u00e4ftigt. In den ersten Jahren, Mitarbeiter in der Numismatischen Abteilung des Auktionshauses. 1993 Wechsel in die Kunst- und Antiquit\u00e4tenabteilung, Aufbau der Sparte \u201eAntike Kunst\u201c f\u00fcr den internationalen Markt, wobei die Auktionen weltweit in renommierten Fachjournalen angek\u00fcndigt wurden [&hellip;]<\/p>\n","protected":false},"author":2,"featured_media":0,"parent":0,"menu_order":0,"comment_status":"closed","ping_status":"closed","template":"","meta":{"footnotes":""},"class_list":["post-18021","page","type-page","status-publish","hentry"],"_links":{"self":[{"href":"https:\/\/agora.co.at\/index.php\/wp-json\/wp\/v2\/pages\/18021","targetHints":{"allow":["GET"]}}],"collection":[{"href":"https:\/\/agora.co.at\/index.php\/wp-json\/wp\/v2\/pages"}],"about":[{"href":"https:\/\/agora.co.at\/index.php\/wp-json\/wp\/v2\/types\/page"}],"author":[{"embeddable":true,"href":"https:\/\/agora.co.at\/index.php\/wp-json\/wp\/v2\/users\/2"}],"replies":[{"embeddable":true,"href":"https:\/\/agora.co.at\/index.php\/wp-json\/wp\/v2\/comments?post=18021"}],"version-history":[{"count":4,"href":"https:\/\/agora.co.at\/index.php\/wp-json\/wp\/v2\/pages\/18021\/revisions"}],"predecessor-version":[{"id":18709,"href":"https:\/\/agora.co.at\/index.php\/wp-json\/wp\/v2\/pages\/18021\/revisions\/18709"}],"wp:attachment":[{"href":"https:\/\/agora.co.at\/index.php\/wp-json\/wp\/v2\/media?parent=18021"}],"curies":[{"name":"wp","href":"https:\/\/api.w.org\/{rel}","templated":true}]}}