{"id":452,"date":"2015-07-20T21:53:04","date_gmt":"2015-07-20T19:53:04","guid":{"rendered":"http:\/\/nl.agora.co.at\/?page_id=452"},"modified":"2025-11-25T10:30:30","modified_gmt":"2025-11-25T09:30:30","slug":"allgemeine-geschaeftsbedingungen","status":"publish","type":"page","link":"https:\/\/agora.co.at\/index.php\/allgemeine-geschaeftsbedingungen\/","title":{"rendered":"Allgemeine Gesch\u00e4ftsbedingungen"},"content":{"rendered":"\n<p>1. Die M\u00fcnzen und Gegenst\u00e4nde werden von Fachleuten sorgf\u00e4ltig beschrieben und beurteilt. Die Echtheit wird von der Firma AGORA &#8211; KUNST DER ANTIKE garantiert. Sollte sich trotz gewissenhafter Recherchen herausstellen, da\u00df ein St\u00fcck gef\u00e4lscht ist, wird der Kaufbetrag dem Kunden umgehend retourniert. In diesem Fall kann der Kunde aber keinen Schadenersatz geltend machen. Stellt sich die F\u00e4lschung einer M\u00fcnze oder eines antiken Gegenstandes, die\/der zum Zeitpunkt des Verkaufs von Experten allgemein als echt angesehen wurde erst nach Jahren aufgrund von neuen Forschungsergebnissen als falsch heraus, kann die Firma AGORA &#8211; KUNST DER ANTIKE nicht zur Wiedergutmachung des Kaufpreises oder zum Schadenersatz herangezogen werden. Im Zweifelsfall einer F\u00e4lschung wird f\u00fcr M\u00fcnzen das Expertenurteil der IBSCC (International Bureau for the Suppression of Counterfeit Coins), oder bei antiken Gegenst\u00e4nden der jeweilige Spezialist des British Museum herangezogen.<\/p>\n\n\n\n<p>2. Es kann nicht ausgeschlossen werden, da\u00df die Online-Angebote verz\u00f6gert aktualisiert werden. Deshalb bestehen bei eventuell zwischenzeitlich stattgefundenem Verkauf an jemand anderen keine Anspr\u00fcche. Ihr Auftrag ist dann verbindlich angenommen, wenn Ihnen eine Best\u00e4tigung per e-mail oder Post vorliegt. Zugleich geht Ihnen eine Vorausrechnung zu.<\/p>\n\n\n\n<p>3. Alle Preise unterliegen der\u00a0Differenzbesteuerung gem\u00e4\u00df \u00a7 24 UStG 1994, worin die gesetzliche Mehrwertsteuer bereits enthalten ist, diese wird jedoch nicht gesondert ausgewiesen. Kunden au\u00dferhalb des EU-Raumes sind verpflichtet, die zollrechtlichen Bestimmungen ihres Landes zu beachten.<\/p>\n\n\n\n<p>4. Wenn Sie zum ersten Mal kaufen, m\u00fcssen Sie das Kundenkarteiblatt auf dem Bestellschein ausf\u00fcllen. Wenn Sie schon Kunde von AGORA &#8211; KUNST DER ANTIKE sind, gen\u00fcgt die Bekanntgabe Ihres Namens und der Kundennummer. Danach f\u00fcllen Sie die Zahlungsmodalit\u00e4ten aus, die von Ihnen bevorzugt werden. Innerhalb von 24 Stunden erhalten Sie dann die Rechnung (am Wochenende kann es auch 36 Stunden dauern). Nach Zahlungseingang bzw. bei Entscheidung f\u00fcr Nachnahmesendung wird Ihnen die Ware sofort zugesandt. Es besteht auch noch die M\u00f6glichkeit, die Ware w\u00e4hrend der \u00d6ffnungszeiten in unseren Gesch\u00e4ftsr\u00e4umen gegen Barzahlung direkt abzuholen.<\/p>\n\n\n\n<p>5. Sollten Sie die Sendung nicht innerhalb von 10 Tagen erhalten haben (USA, Japan und Australien innerhalb von 15 Tagen), dann nehmen Sie bitte umgehend mit uns Kontakt auf, damit wir eine Postnachforschung veranlassen k\u00f6nnen. Alle Sendungen sind versichert.<\/p>\n\n\n\n<p>6. Sollte die Ihnen zugesandte Ware nicht unserer Beschreibung entsprechen, so senden Sie uns bitte innerhalb von f\u00fcnf Tagen eine e-mail mit Angabe des Reklamationsgrundes. Sie erhalten auf Wunsch das Geld zur\u00fcck oder eine Gutschrift f\u00fcr einen neuen Kauf. Liegt der Fehler beim Kunden und die Reklamation wird trotzdem anerkannt, dann erh\u00e4lt der Kunde eine Gutschrift. Bei h\u00f6herpreisigen Retoursendungen ist der Kunde verpflichtet, uns Aufgabetag und Absendeort zu melden, damit die Sendung von uns versichert werden kann.<\/p>\n\n\n\n<p>7. Als Verkaufspreis gilt der Eurobetrag. Die anderen W\u00e4hrungen dienen als Richtwert, der jedoch &#8211; aufgrund von Kursschwankungen &#8211; nicht immer dem exakten Umrechnungskurs entsprechen muss.<\/p>\n\n\n\n<p>8. Auf alle Rechtsverh\u00e4ltnisse zwischen AGORA &#8211; KUNST DER ANTIKE und Benutzern der angebotenen Plattform findet ausschlie\u00dflich \u00f6sterreichisches Recht Anwendung. Ort und Gerichtsstand ist 1010 Wien.<\/p>\n\n\n\n<h1 class=\"wp-block-heading\"><\/h1>\n","protected":false},"excerpt":{"rendered":"<p>1. Die M\u00fcnzen und Gegenst\u00e4nde werden von Fachleuten sorgf\u00e4ltig beschrieben und beurteilt. Die Echtheit wird von der Firma AGORA &#8211; KUNST DER ANTIKE garantiert. Sollte sich trotz gewissenhafter Recherchen herausstellen, da\u00df ein St\u00fcck gef\u00e4lscht ist, wird der Kaufbetrag dem Kunden umgehend retourniert. In diesem Fall kann der Kunde aber keinen Schadenersatz geltend machen. Stellt sich [&hellip;]<\/p>\n","protected":false},"author":2,"featured_media":0,"parent":0,"menu_order":0,"comment_status":"closed","ping_status":"closed","template":"","meta":{"footnotes":""},"class_list":["post-452","page","type-page","status-publish","hentry"],"_links":{"self":[{"href":"https:\/\/agora.co.at\/index.php\/wp-json\/wp\/v2\/pages\/452","targetHints":{"allow":["GET"]}}],"collection":[{"href":"https:\/\/agora.co.at\/index.php\/wp-json\/wp\/v2\/pages"}],"about":[{"href":"https:\/\/agora.co.at\/index.php\/wp-json\/wp\/v2\/types\/page"}],"author":[{"embeddable":true,"href":"https:\/\/agora.co.at\/index.php\/wp-json\/wp\/v2\/users\/2"}],"replies":[{"embeddable":true,"href":"https:\/\/agora.co.at\/index.php\/wp-json\/wp\/v2\/comments?post=452"}],"version-history":[{"count":2,"href":"https:\/\/agora.co.at\/index.php\/wp-json\/wp\/v2\/pages\/452\/revisions"}],"predecessor-version":[{"id":18573,"href":"https:\/\/agora.co.at\/index.php\/wp-json\/wp\/v2\/pages\/452\/revisions\/18573"}],"wp:attachment":[{"href":"https:\/\/agora.co.at\/index.php\/wp-json\/wp\/v2\/media?parent=452"}],"curies":[{"name":"wp","href":"https:\/\/api.w.org\/{rel}","templated":true}]}}