{"id":454,"date":"2015-07-20T21:53:33","date_gmt":"2015-07-20T19:53:33","guid":{"rendered":"http:\/\/nl.agora.co.at\/?page_id=454"},"modified":"2025-12-02T15:27:08","modified_gmt":"2025-12-02T14:27:08","slug":"widerrufsrecht","status":"publish","type":"page","link":"https:\/\/agora.co.at\/index.php\/widerrufsrecht\/","title":{"rendered":"Widerrufsrecht"},"content":{"rendered":"\n<p>Sie haben das Recht, binnen 14 Tagen ohne Angabe von Gr\u00fcnden den Vertrag mit AGORA \u2013 Kunst der Antike zu widerrufen.<br>Die Frist beginnt mit Erhalt der Ware (bei mehreren Teillieferungen mit Erhalt der letzten Teillieferung).<\/p>\n\n\n\n<p><strong>So \u00fcben Sie das Widerrufsrecht aus:<\/strong><\/p>\n\n\n\n<p>\u2022 \u00a0 \u00a0Senden Sie eine eindeutige Erkl\u00e4rung (z. B. per E-Mail, Brief oder <strong><a href=\"https:\/\/agora.co.at\/wp-content\/uploads\/2025\/12\/Agora_Widerrufsformular_DE.pdf\">dieses Formulars<\/a><\/strong>) an uns.<\/p>\n\n\n\n<p>\u2022 &nbsp; &nbsp;R\u00fccksendekosten: Die Kosten der R\u00fccksendung tr\u00e4gt der Kunde, sofern nicht ausdr\u00fccklich anders vereinbart.<\/p>\n\n\n\n<p>\u2022 &nbsp; &nbsp;Zustand der Ware: Die Ware muss unbesch\u00e4digt, vollst\u00e4ndig und in der Originalverpackung zur\u00fcckgesendet werden. Gebrauchte, verschmutzte oder besch\u00e4digte Ware wird nicht zur\u00fcckgenommen, es sei denn, die Verschlechterung ist unerheblich.<\/p>\n\n\n\n<p><strong>Kontakt f\u00fcr Widerruf\/R\u00fcckgabe:<\/strong><\/p>\n\n\n\n<p>AGORA \u2013 Kunst der Antike<br>Drahtgasse 2<br>1010 Wien<br>E-Mail: office@agora.co.at<br>Tel: +43 1 943 05 85<\/p>\n\n\n\n<p><strong>R\u00fccksendung der Ware:<\/strong><br>Senden Sie die Ware ausreichend frankiert an:<\/p>\n\n\n\n<p>AGORA \u2013 Kunst der Antike<br>Drahtgasse 2<br>1010 Wien<\/p>\n\n\n\n<p><strong>Wichtige Hinweise<\/strong><br>1. &nbsp; Frist: Der Widerruf muss uns sp\u00e4testens 14 Tage nach Erhalt der Ware zugehen.<\/p>\n\n\n\n<p>2. &nbsp; R\u00fcckgabekosten: Die Versandkosten f\u00fcr die R\u00fccksendung tr\u00e4gt der Kunde, sofern nicht ausdr\u00fccklich anders vereinbart (z. B. bei defekter Ware).<\/p>\n\n\n\n<p>3. &nbsp; R\u00fcckerstattung:<\/p>\n\n\n\n<p>\u2022 &nbsp; &nbsp;Nach Eingang des Widerrufs und der unbesch\u00e4digten Ware \u00fcberweisen wir den Kaufpreis innerhalb von 14 Tagen auf das vom Kunden angegebene Konto.<\/p>\n\n\n\n<p>\u2022 &nbsp; &nbsp;AGORA \u2013 Kunst der Antike ist berechtigt, die R\u00fcckzahlung des Kaufpreises zu verweigern, bis die Ware wieder zur\u00fcckerhalten wurde.<\/p>\n\n\n\n<p>\u2022 &nbsp; &nbsp;Die R\u00fcckzahlung erfolgt mit dem urspr\u00fcnglichen Zahlungsmittel (sofern nicht anders vereinbart).<\/p>\n\n\n\n<p>4. &nbsp; Defekte oder falsche Ware:<\/p>\n\n\n\n<p>\u2022 &nbsp; &nbsp;Bei nicht konformer oder defekter Ware tr\u00e4gt AGORA \u2013 Kunst der Antike die R\u00fccksendekosten. Bitte informieren Sie uns im Falle einer diesbez\u00fcglichen Beanstandung vor der R\u00fccksendung per E-Mail oder Telefon.<\/p>\n\n\n\n<p><strong><a href=\"https:\/\/agora.co.at\/wp-content\/uploads\/2025\/12\/Agora_Widerrufsformular_DE.pdf\">Widerrufsformular herunterladen<\/a><\/strong><\/p>\n\n\n\n<p><\/p>\n","protected":false},"excerpt":{"rendered":"<p>Sie haben das Recht, binnen 14 Tagen ohne Angabe von Gr\u00fcnden den Vertrag mit AGORA \u2013 Kunst der Antike zu widerrufen.Die Frist beginnt mit Erhalt der Ware (bei mehreren Teillieferungen mit Erhalt der letzten Teillieferung). So \u00fcben Sie das Widerrufsrecht aus: \u2022 \u00a0 \u00a0Senden Sie eine eindeutige Erkl\u00e4rung (z. B. per E-Mail, Brief oder dieses [&hellip;]<\/p>\n","protected":false},"author":2,"featured_media":0,"parent":0,"menu_order":0,"comment_status":"closed","ping_status":"closed","template":"","meta":{"footnotes":""},"class_list":["post-454","page","type-page","status-publish","hentry"],"_links":{"self":[{"href":"https:\/\/agora.co.at\/index.php\/wp-json\/wp\/v2\/pages\/454","targetHints":{"allow":["GET"]}}],"collection":[{"href":"https:\/\/agora.co.at\/index.php\/wp-json\/wp\/v2\/pages"}],"about":[{"href":"https:\/\/agora.co.at\/index.php\/wp-json\/wp\/v2\/types\/page"}],"author":[{"embeddable":true,"href":"https:\/\/agora.co.at\/index.php\/wp-json\/wp\/v2\/users\/2"}],"replies":[{"embeddable":true,"href":"https:\/\/agora.co.at\/index.php\/wp-json\/wp\/v2\/comments?post=454"}],"version-history":[{"count":7,"href":"https:\/\/agora.co.at\/index.php\/wp-json\/wp\/v2\/pages\/454\/revisions"}],"predecessor-version":[{"id":18693,"href":"https:\/\/agora.co.at\/index.php\/wp-json\/wp\/v2\/pages\/454\/revisions\/18693"}],"wp:attachment":[{"href":"https:\/\/agora.co.at\/index.php\/wp-json\/wp\/v2\/media?parent=454"}],"curies":[{"name":"wp","href":"https:\/\/api.w.org\/{rel}","templated":true}]}}