{"id":456,"date":"2015-07-20T21:54:08","date_gmt":"2015-07-20T19:54:08","guid":{"rendered":"http:\/\/nl.agora.co.at\/?page_id=456"},"modified":"2015-07-20T21:54:08","modified_gmt":"2015-07-20T19:54:08","slug":"abkuerzungen","status":"publish","type":"page","link":"https:\/\/agora.co.at\/index.php\/abkuerzungen\/","title":{"rendered":"Abk\u00fcrzungen"},"content":{"rendered":"\n<figure class=\"wp-block-table\"><table><tbody><tr><td>vzgl.<\/td><td>vorz\u00fcglich erhalten<\/td><\/tr><tr><td>verschl.<\/td><td>verschleiert<\/td><\/tr><tr><td>f.s.sch., f.vzgl.<\/td><td>fast sehr sch\u00f6n, fast vorz\u00fcglich<\/td><\/tr><tr><td>&#8230; &nbsp;&#8211;<\/td><td>etwas schlechter erhalten als &#8230;<\/td><\/tr><tr><td>&#8230; &nbsp;+<\/td><td>etwas sch\u00f6ner als &#8230;<\/td><\/tr><tr><td>s.sch.<\/td><td>sehr sch\u00f6n<\/td><\/tr><tr><td>s.<\/td><td>Erhaltungsgrad &#8222;sch\u00f6n&#8220;<\/td><\/tr><tr><td>Rv.<\/td><td>Revers (R\u00fcckseite)<\/td><\/tr><tr><td>RR<\/td><td>sehr selten<\/td><\/tr><tr><td>R<\/td><td>selten<\/td><\/tr><tr><td>r.st.<\/td><td>nach rechts stehend<\/td><\/tr><tr><td>n.r.<\/td><td>nach rechts<\/td><\/tr><tr><td>l.st.<\/td><td>nach links stehend (ausgerichtet)<\/td><\/tr><tr><td>korr.<\/td><td>korrodiert<\/td><\/tr><tr><td>gep.<\/td><td>gepanzerte (B\u00fcste)<\/td><\/tr><tr><td>FDC<\/td><td>stempelfrisch erhalten<\/td><\/tr><tr><td>drap.<\/td><td>drapierte (B\u00fcste)<\/td><\/tr><tr><td>diad.<\/td><td>mit Diadem<\/td><\/tr><tr><td>belorb.<\/td><td>mit Lorbeerkranz<\/td><\/tr><tr><td>Av.<\/td><td>Avers (Vorderseite)<\/td><\/tr><tr><td>AR<\/td><td>Silber (Argentum)<\/td><\/tr><\/tbody><\/table><\/figure>\n\n\n\n<h1 class=\"wp-block-heading\"><\/h1>\n","protected":false},"excerpt":{"rendered":"<p>vzgl. vorz\u00fcglich erhalten verschl. verschleiert f.s.sch., f.vzgl. fast sehr sch\u00f6n, fast vorz\u00fcglich &#8230; &nbsp;&#8211; etwas schlechter erhalten als &#8230; &#8230; &nbsp;+ etwas sch\u00f6ner als &#8230; s.sch. sehr sch\u00f6n s. Erhaltungsgrad &#8222;sch\u00f6n&#8220; Rv. Revers (R\u00fcckseite) RR sehr selten R selten r.st. nach rechts stehend n.r. nach rechts l.st. nach links stehend (ausgerichtet) korr. korrodiert gep. gepanzerte [&hellip;]<\/p>\n","protected":false},"author":2,"featured_media":0,"parent":0,"menu_order":0,"comment_status":"closed","ping_status":"closed","template":"","meta":{"footnotes":""},"class_list":["post-456","page","type-page","status-publish","hentry"],"_links":{"self":[{"href":"https:\/\/agora.co.at\/index.php\/wp-json\/wp\/v2\/pages\/456","targetHints":{"allow":["GET"]}}],"collection":[{"href":"https:\/\/agora.co.at\/index.php\/wp-json\/wp\/v2\/pages"}],"about":[{"href":"https:\/\/agora.co.at\/index.php\/wp-json\/wp\/v2\/types\/page"}],"author":[{"embeddable":true,"href":"https:\/\/agora.co.at\/index.php\/wp-json\/wp\/v2\/users\/2"}],"replies":[{"embeddable":true,"href":"https:\/\/agora.co.at\/index.php\/wp-json\/wp\/v2\/comments?post=456"}],"version-history":[{"count":0,"href":"https:\/\/agora.co.at\/index.php\/wp-json\/wp\/v2\/pages\/456\/revisions"}],"wp:attachment":[{"href":"https:\/\/agora.co.at\/index.php\/wp-json\/wp\/v2\/media?parent=456"}],"curies":[{"name":"wp","href":"https:\/\/api.w.org\/{rel}","templated":true}]}}