{"id":462,"date":"2015-07-20T21:56:33","date_gmt":"2015-07-20T19:56:33","guid":{"rendered":"http:\/\/nl.agora.co.at\/?page_id=462"},"modified":"2025-12-03T10:08:28","modified_gmt":"2025-12-03T09:08:28","slug":"links","status":"publish","type":"page","link":"https:\/\/agora.co.at\/index.php\/links\/","title":{"rendered":"Links"},"content":{"rendered":"\n<p><a href=\"https:\/\/www.archaeologie-online.de\/\" target=\"_blank\" rel=\"noreferrer noopener\">Arche<\/a><a href=\"https:\/\/www.archaeologie-online.de\/\">ologie Online<\/a><\/p>\n\n\n\n<p><a href=\"http:\/\/www.imperium-romanum.com\/\" target=\"_blank\" rel=\"noreferrer noopener\">IMPERIVM ROMANVM<\/a><\/p>\n\n\n\n<p><a href=\"https:\/\/www.carnuntum.at\/de\">Arch\u00e4olog<\/a><a href=\"https:\/\/www.carnuntum.at\/de\" target=\"_blank\" rel=\"noreferrer noopener\">i<\/a><a href=\"https:\/\/www.carnuntum.at\/de\">scher Park Carnuntum<\/a><\/p>\n\n\n\n<p><a href=\"http:\/\/www.univie.ac.at\/byzneo\/\" target=\"_blank\" rel=\"noreferrer noopener\">Institut f\u00fcr Byzantinistik und Neogr\u00e4zistik der Universit\u00e4t Wien<\/a><\/p>\n\n\n\n<p><a href=\"http:\/\/www.univie.ac.at\/urgeschichte\/\" target=\"_blank\" rel=\"noreferrer noopener\">Institut f\u00fcr Ur- und Fr\u00fchgeschichte der Universit\u00e4t Wien<\/a><\/p>\n\n\n\n<p><a href=\"http:\/\/www.khm.at\/\" target=\"_blank\" rel=\"noreferrer noopener\">Kunsthistorisches Museum<\/a><\/p>\n\n\n\n<p><a href=\"http:\/\/www.nhm-wien.ac.at\/\" target=\"_blank\" rel=\"noreferrer noopener\">Naturhistorisches Museum<\/a><\/p>\n\n\n\n<p><a href=\"http:\/\/www.smb.spk-berlin.de\/amp\/s.html\" target=\"_blank\" rel=\"noreferrer noopener\">\u00c4gyptisches Museum und Papyrussammlung \/ Berlin-Charlottenburg<\/a><\/p>\n\n\n\n<p><a href=\"https:\/\/www.archaeologie-online.de\/recherche\/digger\/\" target=\"_blank\" rel=\"noreferrer noopener\">DIGGER &#8211; die arch\u00e4ologische Suchmaschine<\/a><\/p>\n\n\n\n<p><a href=\"http:\/\/austria-lexikon.at\/af\/AEIOU\" target=\"_blank\" rel=\"noreferrer noopener\">aeiou &#8211; Kulturinformationen \u00fcber \u00d6sterreich<\/a><\/p>\n","protected":false},"excerpt":{"rendered":"<p>Archeologie Online IMPERIVM ROMANVM Arch\u00e4ologischer Park Carnuntum Institut f\u00fcr Byzantinistik und Neogr\u00e4zistik der Universit\u00e4t Wien Institut f\u00fcr Ur- und Fr\u00fchgeschichte der Universit\u00e4t Wien Kunsthistorisches Museum Naturhistorisches Museum \u00c4gyptisches Museum und Papyrussammlung \/ Berlin-Charlottenburg DIGGER &#8211; die arch\u00e4ologische Suchmaschine aeiou &#8211; Kulturinformationen \u00fcber \u00d6sterreich<\/p>\n","protected":false},"author":2,"featured_media":0,"parent":0,"menu_order":0,"comment_status":"closed","ping_status":"closed","template":"","meta":{"footnotes":""},"class_list":["post-462","page","type-page","status-publish","hentry"],"_links":{"self":[{"href":"https:\/\/agora.co.at\/index.php\/wp-json\/wp\/v2\/pages\/462","targetHints":{"allow":["GET"]}}],"collection":[{"href":"https:\/\/agora.co.at\/index.php\/wp-json\/wp\/v2\/pages"}],"about":[{"href":"https:\/\/agora.co.at\/index.php\/wp-json\/wp\/v2\/types\/page"}],"author":[{"embeddable":true,"href":"https:\/\/agora.co.at\/index.php\/wp-json\/wp\/v2\/users\/2"}],"replies":[{"embeddable":true,"href":"https:\/\/agora.co.at\/index.php\/wp-json\/wp\/v2\/comments?post=462"}],"version-history":[{"count":2,"href":"https:\/\/agora.co.at\/index.php\/wp-json\/wp\/v2\/pages\/462\/revisions"}],"predecessor-version":[{"id":18719,"href":"https:\/\/agora.co.at\/index.php\/wp-json\/wp\/v2\/pages\/462\/revisions\/18719"}],"wp:attachment":[{"href":"https:\/\/agora.co.at\/index.php\/wp-json\/wp\/v2\/media?parent=462"}],"curies":[{"name":"wp","href":"https:\/\/api.w.org\/{rel}","templated":true}]}}