{"id":475,"date":"2015-07-20T22:21:51","date_gmt":"2015-07-20T20:21:51","guid":{"rendered":"http:\/\/nl.agora.co.at\/?page_id=475"},"modified":"2025-12-03T10:23:56","modified_gmt":"2025-12-03T09:23:56","slug":"impressum","status":"publish","type":"page","link":"https:\/\/agora.co.at\/index.php\/impressum\/","title":{"rendered":"Impressum"},"content":{"rendered":"\n<p>AGORA<br>Kunst der Antike<br>Inhaber: Reinhard G. Dollinger<br>Drahtgasse 2, Fu\u00dfg\u00e4ngerzone Judenplatz<br>A-1010 Wien<\/p>\n\n\n\n<p>\u00d6ffnungszeiten: <br>Termine nach Vereinbarung<\/p>\n\n\n\n<p>Tel.\/Fax: +43-1-943 05 85<br>Mobil: +43-6991-943 05 85<br>E-Mail: office@agora.co.at<\/p>\n\n\n\n<p>Homepage: <a href=\"http:\/\/www.agora.co.at\/\">www.agora.co.at<br><\/a>Agora&#8217;s e-Bay-Shop: <a href=\"https:\/\/stores.ebay.de\/Kunst-der-Antike\">https:\/\/stores.ebay.de\/Kunst-der-Antike<\/a><\/p>\n\n\n\n<p>Bankverbindung: Volksbank Wien AG<br>IBAN: AT13 4300 0524 4439 0000<br>BIC (SWIFT): VBOEATWW<\/p>\n\n\n\n<p>UID-Nr.: ATU 376 49 103<\/p>\n\n\n\n<p>Mitglied der Wirtschaftskammer Wien<br><\/p>\n\n\n\n<p>Information laut ECG<br>Firma AGORA &#8211; Marktplatz der Antike<br><a href=\"https:\/\/firmen.wko.at\/reinhard-dollinger-agora---marktplatz-der-antike\/wien\/?suchbegriff=reinhard+dollinger&amp;standortname=wien+%28bundesland%29&amp;firmaid=f14d3e5a-f757-4244-b6c1-9f8343e4c643\">https:\/\/firmen.wko.at\/reinhard-dollinger-agora&#8212;marktplatz-der-antike\/wien\/?suchbegriff=reinhard+dollinger&amp;standortname=wien+%28bundesland%29&amp;firmaid=f14d3e5a-f757-4244-b6c1-9f8343e4c643<\/a><\/p>\n\n\n\n<p><\/p>\n\n\n\n<h1 class=\"wp-block-heading\"><\/h1>\n","protected":false},"excerpt":{"rendered":"<p>AGORAKunst der AntikeInhaber: Reinhard G. DollingerDrahtgasse 2, Fu\u00dfg\u00e4ngerzone JudenplatzA-1010 Wien \u00d6ffnungszeiten: Termine nach Vereinbarung Tel.\/Fax: +43-1-943 05 85Mobil: +43-6991-943 05 85E-Mail: office@agora.co.at Homepage: www.agora.co.atAgora&#8217;s e-Bay-Shop: https:\/\/stores.ebay.de\/Kunst-der-Antike Bankverbindung: Volksbank Wien AGIBAN: AT13 4300 0524 4439 0000BIC (SWIFT): VBOEATWW UID-Nr.: ATU 376 49 103 Mitglied der Wirtschaftskammer Wien Information laut ECGFirma AGORA &#8211; Marktplatz der Antikehttps:\/\/firmen.wko.at\/reinhard-dollinger-agora&#8212;marktplatz-der-antike\/wien\/?suchbegriff=reinhard+dollinger&amp;standortname=wien+%28bundesland%29&amp;firmaid=f14d3e5a-f757-4244-b6c1-9f8343e4c643<\/p>\n","protected":false},"author":2,"featured_media":0,"parent":0,"menu_order":0,"comment_status":"closed","ping_status":"closed","template":"","meta":{"footnotes":""},"class_list":["post-475","page","type-page","status-publish","hentry"],"_links":{"self":[{"href":"https:\/\/agora.co.at\/index.php\/wp-json\/wp\/v2\/pages\/475","targetHints":{"allow":["GET"]}}],"collection":[{"href":"https:\/\/agora.co.at\/index.php\/wp-json\/wp\/v2\/pages"}],"about":[{"href":"https:\/\/agora.co.at\/index.php\/wp-json\/wp\/v2\/types\/page"}],"author":[{"embeddable":true,"href":"https:\/\/agora.co.at\/index.php\/wp-json\/wp\/v2\/users\/2"}],"replies":[{"embeddable":true,"href":"https:\/\/agora.co.at\/index.php\/wp-json\/wp\/v2\/comments?post=475"}],"version-history":[{"count":4,"href":"https:\/\/agora.co.at\/index.php\/wp-json\/wp\/v2\/pages\/475\/revisions"}],"predecessor-version":[{"id":18732,"href":"https:\/\/agora.co.at\/index.php\/wp-json\/wp\/v2\/pages\/475\/revisions\/18732"}],"wp:attachment":[{"href":"https:\/\/agora.co.at\/index.php\/wp-json\/wp\/v2\/media?parent=475"}],"curies":[{"name":"wp","href":"https:\/\/api.w.org\/{rel}","templated":true}]}}