{"id":495,"date":"2015-07-22T15:39:09","date_gmt":"2015-07-22T13:39:09","guid":{"rendered":"http:\/\/shop.agora.co.at\/?page_id=495"},"modified":"2025-12-03T10:17:58","modified_gmt":"2025-12-03T09:17:58","slug":"kontakt","status":"publish","type":"page","link":"https:\/\/agora.co.at\/index.php\/kontakt\/","title":{"rendered":"Kontakt"},"content":{"rendered":"\n<p>AGORA<br>Kunst der Antike<br>Inhaber: Reinhard G. Dollinger<br>Drahtgasse 2, Fu\u00dfg\u00e4ngerzone Judenplatz<br>A-1010 Wien<\/p>\n\n\n\n<p>\u00d6ffnungszeiten: Termine nur nach Vereinbarung<\/p>\n\n\n\n<p>Tel.: +43-1-943 05 85<br>Mobil: +43-6991-943 05 85<br>E-Mail: office@agora.co.at<\/p>\n\n\n\n<p>Homepage: <a href=\"http:\/\/www.agora.co.at\/\">www.agora.co.at<br><\/a>Agora&#8217;s e-Bay-Shop: <a href=\"https:\/\/stores.ebay.de\/Kunst-der-Antike\">https:\/\/stores.ebay.de\/Kunst-der-Antike<\/a><\/p>\n\n\n\n<p><\/p>\n","protected":false},"excerpt":{"rendered":"<p>AGORAKunst der AntikeInhaber: Reinhard G. DollingerDrahtgasse 2, Fu\u00dfg\u00e4ngerzone JudenplatzA-1010 Wien \u00d6ffnungszeiten: Termine nur nach Vereinbarung Tel.: +43-1-943 05 85Mobil: +43-6991-943 05 85E-Mail: office@agora.co.at Homepage: www.agora.co.atAgora&#8217;s e-Bay-Shop: https:\/\/stores.ebay.de\/Kunst-der-Antike<\/p>\n","protected":false},"author":2,"featured_media":0,"parent":0,"menu_order":0,"comment_status":"closed","ping_status":"closed","template":"","meta":{"footnotes":""},"class_list":["post-495","page","type-page","status-publish","hentry"],"_links":{"self":[{"href":"https:\/\/agora.co.at\/index.php\/wp-json\/wp\/v2\/pages\/495","targetHints":{"allow":["GET"]}}],"collection":[{"href":"https:\/\/agora.co.at\/index.php\/wp-json\/wp\/v2\/pages"}],"about":[{"href":"https:\/\/agora.co.at\/index.php\/wp-json\/wp\/v2\/types\/page"}],"author":[{"embeddable":true,"href":"https:\/\/agora.co.at\/index.php\/wp-json\/wp\/v2\/users\/2"}],"replies":[{"embeddable":true,"href":"https:\/\/agora.co.at\/index.php\/wp-json\/wp\/v2\/comments?post=495"}],"version-history":[{"count":1,"href":"https:\/\/agora.co.at\/index.php\/wp-json\/wp\/v2\/pages\/495\/revisions"}],"predecessor-version":[{"id":18730,"href":"https:\/\/agora.co.at\/index.php\/wp-json\/wp\/v2\/pages\/495\/revisions\/18730"}],"wp:attachment":[{"href":"https:\/\/agora.co.at\/index.php\/wp-json\/wp\/v2\/media?parent=495"}],"curies":[{"name":"wp","href":"https:\/\/api.w.org\/{rel}","templated":true}]}}