{"id":18389,"date":"2024-03-27T10:41:50","date_gmt":"2024-03-27T09:41:50","guid":{"rendered":"https:\/\/victorh10.apconsult.at\/~user211\/?post_type=product&#038;p=18389"},"modified":"2025-12-03T11:12:07","modified_gmt":"2025-12-03T10:12:07","slug":"oellampe-mit-kleinem-henkel","status":"publish","type":"product","link":"https:\/\/agora.co.at\/index.php\/product\/oellampe-mit-kleinem-henkel\/","title":{"rendered":"\u00d6llampe mit kleinem Henkel"},"content":{"rendered":"","protected":false},"excerpt":{"rendered":"<p>\u00d6llampe mit kleinem Henkel, Terracotta mit orangem \u00dcberzug. Intakt, Dm. 12,9 x 9,6 cm. R\u00f6mische Kaiserzeit, wohl Mittelmeerraum, ca. 3. Jhdt. n. Chr.<br \/>\nProvenienz: Clive Sawyer, Kent, England, ca. 1995; danach Wiener Privatbesitz<\/p>\n","protected":false},"featured_media":18387,"template":"","meta":[],"product_brand":[],"product_cat":[247,207],"product_tag":[],"class_list":{"0":"post-18389","1":"product","2":"type-product","3":"status-publish","4":"has-post-thumbnail","6":"product_cat-neu-im-shop","7":"product_cat-griechen-und-roemer","9":"first","10":"instock","11":"sold-individually","12":"shipping-taxable","13":"purchasable","14":"product-type-simple"},"_links":{"self":[{"href":"https:\/\/agora.co.at\/index.php\/wp-json\/wp\/v2\/product\/18389","targetHints":{"allow":["GET"]}}],"collection":[{"href":"https:\/\/agora.co.at\/index.php\/wp-json\/wp\/v2\/product"}],"about":[{"href":"https:\/\/agora.co.at\/index.php\/wp-json\/wp\/v2\/types\/product"}],"wp:featuredmedia":[{"embeddable":true,"href":"https:\/\/agora.co.at\/index.php\/wp-json\/wp\/v2\/media\/18387"}],"wp:attachment":[{"href":"https:\/\/agora.co.at\/index.php\/wp-json\/wp\/v2\/media?parent=18389"}],"wp:term":[{"taxonomy":"product_brand","embeddable":true,"href":"https:\/\/agora.co.at\/index.php\/wp-json\/wp\/v2\/product_brand?post=18389"},{"taxonomy":"product_cat","embeddable":true,"href":"https:\/\/agora.co.at\/index.php\/wp-json\/wp\/v2\/product_cat?post=18389"},{"taxonomy":"product_tag","embeddable":true,"href":"https:\/\/agora.co.at\/index.php\/wp-json\/wp\/v2\/product_tag?post=18389"}],"curies":[{"name":"wp","href":"https:\/\/api.w.org\/{rel}","templated":true}]}}