{"id":18669,"date":"2025-12-02T12:50:25","date_gmt":"2025-12-02T11:50:25","guid":{"rendered":"https:\/\/victorh10.apconsult.at\/~user211\/?post_type=product&#038;p=18669"},"modified":"2025-12-03T11:11:37","modified_gmt":"2025-12-03T10:11:37","slug":"postumus","status":"publish","type":"product","link":"https:\/\/agora.co.at\/index.php\/product\/postumus\/","title":{"rendered":"Postumus, 260-269 n. Chr."},"content":{"rendered":"","protected":false},"excerpt":{"rendered":"<p>POSTUMUS. Antoninian, Silber, M\u00fcnzst\u00e4tte K\u00f6ln, gepr\u00e4gt 262 n. Chr. Revers: Virtus steht n. rechts. Sehr sch\u00f6n; Harrriss.<\/p>\n","protected":false},"featured_media":18671,"template":"","meta":[],"product_brand":[],"product_cat":[281],"product_tag":[],"class_list":{"0":"post-18669","1":"product","2":"type-product","3":"status-publish","4":"has-post-thumbnail","6":"product_cat-roemische-kaiserzeit-de","8":"first","9":"instock","10":"sold-individually","11":"shipping-taxable","12":"purchasable","13":"product-type-simple"},"_links":{"self":[{"href":"https:\/\/agora.co.at\/index.php\/wp-json\/wp\/v2\/product\/18669","targetHints":{"allow":["GET"]}}],"collection":[{"href":"https:\/\/agora.co.at\/index.php\/wp-json\/wp\/v2\/product"}],"about":[{"href":"https:\/\/agora.co.at\/index.php\/wp-json\/wp\/v2\/types\/product"}],"wp:featuredmedia":[{"embeddable":true,"href":"https:\/\/agora.co.at\/index.php\/wp-json\/wp\/v2\/media\/18671"}],"wp:attachment":[{"href":"https:\/\/agora.co.at\/index.php\/wp-json\/wp\/v2\/media?parent=18669"}],"wp:term":[{"taxonomy":"product_brand","embeddable":true,"href":"https:\/\/agora.co.at\/index.php\/wp-json\/wp\/v2\/product_brand?post=18669"},{"taxonomy":"product_cat","embeddable":true,"href":"https:\/\/agora.co.at\/index.php\/wp-json\/wp\/v2\/product_cat?post=18669"},{"taxonomy":"product_tag","embeddable":true,"href":"https:\/\/agora.co.at\/index.php\/wp-json\/wp\/v2\/product_tag?post=18669"}],"curies":[{"name":"wp","href":"https:\/\/api.w.org\/{rel}","templated":true}]}}