{"id":18679,"date":"2025-12-02T14:30:33","date_gmt":"2025-12-02T13:30:33","guid":{"rendered":"https:\/\/victorh10.apconsult.at\/~user211\/?post_type=product&#038;p=18679"},"modified":"2025-12-02T14:38:05","modified_gmt":"2025-12-02T13:38:05","slug":"incuse-fehlpraegung-denar-des-m-sergius-silus","status":"publish","type":"product","link":"https:\/\/agora.co.at\/index.php\/product\/incuse-fehlpraegung-denar-des-m-sergius-silus\/","title":{"rendered":"Incuse Fehlpr\u00e4gung, Denar des M. Sergius Silus"},"content":{"rendered":"","protected":false},"excerpt":{"rendered":"<div dir=\"ltr\">\n<div>\n<p>Fehlpr\u00e4gung (Incuso). M. Sergius Silus, Denarius, Silber, Roma, 116-115 v. Chr. Avers.: Kopf der Roma mit gefl\u00fcgeltem Greifenhelm, dahinter Wertzeichen. Revers: Inkuser Abdruck der Vorderseite\u00a0(Spiegelpr\u00e4gung: Eine bereits gepr\u00e4gte M\u00fcnze blieb im Stempel und pr\u00e4gte ihr seitenverkehrtes Spiegelbild auf den n\u00e4chsten Rohling). Sehr sch\u00f6n\/f. Vorz\u00fcglich. Selten!&lt;br&gt;Interessant, dass aufgrund der Abn\u00fctzung der plastischen Vorderseite die trotzdem offenbar jahrelange Verwendung erkennbar ist.<\/p>\n<\/div>\n<\/div>\n","protected":false},"featured_media":18680,"template":"","meta":[],"product_brand":[],"product_cat":[247,289],"product_tag":[],"class_list":{"0":"post-18679","1":"product","2":"type-product","3":"status-publish","4":"has-post-thumbnail","6":"product_cat-neu-im-shop","7":"product_cat-fehlpraegungen","9":"first","10":"instock","11":"sold-individually","12":"shipping-taxable","13":"purchasable","14":"product-type-simple"},"_links":{"self":[{"href":"https:\/\/agora.co.at\/index.php\/wp-json\/wp\/v2\/product\/18679","targetHints":{"allow":["GET"]}}],"collection":[{"href":"https:\/\/agora.co.at\/index.php\/wp-json\/wp\/v2\/product"}],"about":[{"href":"https:\/\/agora.co.at\/index.php\/wp-json\/wp\/v2\/types\/product"}],"wp:featuredmedia":[{"embeddable":true,"href":"https:\/\/agora.co.at\/index.php\/wp-json\/wp\/v2\/media\/18680"}],"wp:attachment":[{"href":"https:\/\/agora.co.at\/index.php\/wp-json\/wp\/v2\/media?parent=18679"}],"wp:term":[{"taxonomy":"product_brand","embeddable":true,"href":"https:\/\/agora.co.at\/index.php\/wp-json\/wp\/v2\/product_brand?post=18679"},{"taxonomy":"product_cat","embeddable":true,"href":"https:\/\/agora.co.at\/index.php\/wp-json\/wp\/v2\/product_cat?post=18679"},{"taxonomy":"product_tag","embeddable":true,"href":"https:\/\/agora.co.at\/index.php\/wp-json\/wp\/v2\/product_tag?post=18679"}],"curies":[{"name":"wp","href":"https:\/\/api.w.org\/{rel}","templated":true}]}}